{"id":1004,"date":"2022-08-14T14:29:02","date_gmt":"2022-08-14T17:29:02","guid":{"rendered":"https:\/\/tecele.com.br\/?post_type=product&#038;p=1004"},"modified":"2025-04-11T16:23:39","modified_gmt":"2025-04-11T19:23:39","slug":"avo-ana-capim-e-book-de-amigurumi-em-trico-2","status":"publish","type":"product","link":"https:\/\/tecele.com.br\/?product=avo-ana-capim-e-book-de-amigurumi-em-trico-2","title":{"rendered":"Ratinha Genevieve &#8211; E-book de Amigurumi em Tric\u00f4"},"content":{"rendered":"<p class=\"western\"><em><span style=\"color: #000000;\"><span style=\"font-family: Quicksand Book, serif;\"><span style=\"font-size: medium;\"><u>O que voc\u00ea ir\u00e1 encontrar nesse e-book:<\/u><\/span><\/span><\/span><\/em><\/p>\n<p class=\"western\"><span style=\"color: #000000;\"><span style=\"font-family: Quicksand Book, serif;\"><span style=\"font-size: medium;\">-Instru\u00e7\u00f5es de como tecer o amigurumi com textos explicativos, muitas fotos de passo a passo e v\u00eddeos das t\u00e9cnicas b\u00e1sicas usadas no projeto.<\/span><\/span><\/span><\/p>\n<p class=\"western\"><span style=\"font-family: Quicksand Book, serif;\"><span style=\"font-size: medium;\">.<\/span><\/span><\/p>\n<h5 class=\"western\"><em><span style=\"color: #000000;\"><span style=\"font-family: Quicksand Book, serif;\"><span style=\"font-size: medium;\"><u>N\u00edvel de Dificuldade:<\/u><\/span><\/span><\/span><\/em><\/h5>\n<p class=\"western\"><span style=\"color: #000000;\"><span style=\"font-family: Quicksand Book, serif;\"><span style=\"font-size: medium;\">-F\u00e1cil<\/span><\/span><\/span><\/p>\n<p class=\"western\"><span style=\"font-family: Quicksand Book, serif;\"><span style=\"font-size: medium;\">.<\/span><\/span><\/p>\n<h5 class=\"western\"><em><span style=\"color: #000000;\"><span style=\"font-family: Quicksand Book, serif;\"><span style=\"font-size: medium;\"><u>O que eu preciso saber para executar este projeto?<\/u><\/span><\/span><\/span><\/em><\/h5>\n<p class=\"western\" align=\"LEFT\"><span style=\"color: #000000;\"><span style=\"font-family: Quicksand Book, serif;\"><span style=\"font-size: medium;\">-Tric\u00f4 B\u00e1sico Circular <\/span><\/span><\/span><\/p>\n<p class=\"western\" align=\"LEFT\"><span style=\"color: #000000;\"><span style=\"font-family: Quicksand Book, serif;\"><span style=\"font-size: medium;\">-Tric\u00f4 B\u00e1sico Plano<\/span><\/span><\/span><\/p>\n<p class=\"western\" align=\"LEFT\"><span style=\"font-family: Quicksand Book, serif;\"><span style=\"font-size: medium;\">.<\/span><\/span><\/p>\n<h5 class=\"western\" align=\"LEFT\"><span style=\"color: #000000;\"><span style=\"font-family: Quicksand Book, serif;\"><span style=\"font-size: medium;\"><u>\u00c9 importante saber antes de comprar:<\/u><\/span><\/span><\/span><\/h5>\n<p class=\"western\" align=\"LEFT\"><span style=\"color: #000000;\"><span style=\"font-family: Quicksand Book, serif;\"><span style=\"font-size: medium;\"><u>Ao clicar em comprar, voc\u00ea concorda com os termos de uso desta receita, descritos a seguir: Este material \u00e9 apenas para uso pessoal, n\u00e3o pode ser vendido ou fornecido de qualquer outra maneira, em nenhum meio de compartilhamento. Voc\u00ea pode vender as pe\u00e7as feitas, desde que d\u00ea os cr\u00e9ditos \u00e0 Tecel\u00ea \u2013 L\u00ea Yamashita, como designer. Todos os direitos s\u00e3o reservados, e o descumprimento pode acarretar processo judicial, conforme lei N\u00ba 9.610, de 19 de fevereiro de 1998. Obrigada por respeitar e valorizar o tempo e a dedica\u00e7\u00e3o de quem cria. N\u00e3o \u00e9 permitido o uso desta receita para promover workshops.<\/u><\/span><\/span><\/span><\/p>\n<p class=\"western\" align=\"LEFT\"><span style=\"font-family: Quicksand Book, serif;\"><span style=\"font-size: medium;\">.<\/span><\/span><\/p>\n<h5 class=\"western\" align=\"LEFT\"><span style=\"color: #000000;\"><span style=\"font-family: Quicksand Book, serif;\"><span style=\"font-size: medium;\">Com a receita em m\u00e3os, \u00e9 hora de tecer! Qualquer d\u00favida envie um e-mail para <\/span><\/span><\/span><span style=\"color: #000080;\"><span lang=\"zxx\"><u><a href=\"mailto:tecele.contato@gmail.com\"><span style=\"color: #000000;\"><span style=\"font-family: Quicksand Book, serif;\"><span style=\"font-size: medium;\">tecele.contato@gmail.com<\/span><\/span><\/span><\/a><\/u><\/span><\/span><\/h5>\n<p class=\"western\"><span style=\"font-family: Quicksand Book, serif;\"><span style=\"font-size: medium;\">.<\/span><\/span><\/p>\n<h5 class=\"western\" align=\"LEFT\"><em><span style=\"color: #000000;\"><span style=\"font-family: Quicksand Book, serif;\"><span style=\"font-size: medium;\">Muito obrigado por visitar a loja Tecel\u00ea e desejo que voc\u00ea tenha uma \u00f3tima experi\u00eancia! \u2665<\/span><\/span><\/span><\/em><\/h5>\n<p class=\"western\">\n","protected":false},"excerpt":{"rendered":"<p>O que voc\u00ea ir\u00e1 encontrar nesse e-book: -Instru\u00e7\u00f5es de como tecer o amigurumi com textos explicativos, muitas fotos de passo a passo e v\u00eddeos das t\u00e9cnicas b\u00e1sicas usadas no projeto. . N\u00edvel de Dificuldade: -F\u00e1cil . O que eu preciso saber para executar este projeto? -Tric\u00f4 B\u00e1sico Circular -Tric\u00f4 B\u00e1sico Plano . \u00c9 importante saber &hellip;<\/p>\n<p class=\"read-more\"> <a class=\"\" href=\"https:\/\/tecele.com.br\/?product=avo-ana-capim-e-book-de-amigurumi-em-trico-2\"> <span class=\"screen-reader-text\">Ratinha Genevieve &#8211; E-book de Amigurumi em Tric\u00f4<\/span> Leia mais &raquo;<\/a><\/p>\n","protected":false},"featured_media":1007,"comment_status":"open","ping_status":"closed","template":"","meta":{"site-sidebar-layout":"default","site-content-layout":"default","ast-global-header-display":"","ast-main-header-display":"","ast-hfb-above-header-display":"","ast-hfb-below-header-display":"","ast-hfb-mobile-header-display":"","site-post-title":"","ast-breadcrumbs-content":"","ast-featured-img":"","footer-sml-layout":"","theme-transparent-header-meta":"default","adv-header-id-meta":"","stick-header-meta":"","header-above-stick-meta":"","header-main-stick-meta":"","header-below-stick-meta":"","jetpack_post_was_ever_published":false,"jetpack_publicize_message":"","jetpack_publicize_feature_enabled":true,"jetpack_social_post_already_shared":true,"jetpack_social_options":{"image_generator_settings":{"template":"highway","enabled":false}}},"product_cat":[27],"product_tag":[],"class_list":{"0":"post-1004","1":"product","2":"type-product","3":"status-publish","4":"has-post-thumbnail","6":"product_cat-amigurumis","8":"first","9":"instock","10":"downloadable","11":"taxable","12":"shipping-taxable","13":"purchasable","14":"product-type-simple"},"jetpack_publicize_connections":[],"jetpack_likes_enabled":true,"jetpack_sharing_enabled":true,"_links":{"self":[{"href":"https:\/\/tecele.com.br\/index.php?rest_route=\/wp\/v2\/product\/1004","targetHints":{"allow":["GET"]}}],"collection":[{"href":"https:\/\/tecele.com.br\/index.php?rest_route=\/wp\/v2\/product"}],"about":[{"href":"https:\/\/tecele.com.br\/index.php?rest_route=\/wp\/v2\/types\/product"}],"replies":[{"embeddable":true,"href":"https:\/\/tecele.com.br\/index.php?rest_route=%2Fwp%2Fv2%2Fcomments&post=1004"}],"version-history":[{"count":3,"href":"https:\/\/tecele.com.br\/index.php?rest_route=\/wp\/v2\/product\/1004\/revisions"}],"predecessor-version":[{"id":1009,"href":"https:\/\/tecele.com.br\/index.php?rest_route=\/wp\/v2\/product\/1004\/revisions\/1009"}],"wp:featuredmedia":[{"embeddable":true,"href":"https:\/\/tecele.com.br\/index.php?rest_route=\/wp\/v2\/media\/1007"}],"wp:attachment":[{"href":"https:\/\/tecele.com.br\/index.php?rest_route=%2Fwp%2Fv2%2Fmedia&parent=1004"}],"wp:term":[{"taxonomy":"product_cat","embeddable":true,"href":"https:\/\/tecele.com.br\/index.php?rest_route=%2Fwp%2Fv2%2Fproduct_cat&post=1004"},{"taxonomy":"product_tag","embeddable":true,"href":"https:\/\/tecele.com.br\/index.php?rest_route=%2Fwp%2Fv2%2Fproduct_tag&post=1004"}],"curies":[{"name":"wp","href":"https:\/\/api.w.org\/{rel}","templated":true}]}}