{"id":124,"date":"2022-05-28T14:46:19","date_gmt":"2022-05-28T17:46:19","guid":{"rendered":"https:\/\/tecele.com.br\/?product=v-neck-t-shirt"},"modified":"2022-08-14T16:07:34","modified_gmt":"2022-08-14T19:07:34","slug":"v-neck-t-shirt","status":"publish","type":"product","link":"https:\/\/tecele.com.br\/?product=v-neck-t-shirt","title":{"rendered":"Jo\u00e3o Pato &#8211; E-book de Amigurumi em Tric\u00f4"},"content":{"rendered":"<div class=\"product-description\">\n<p><em>Um filhotinho de pato chamado Jo\u00e3o&#8230; Como todos os filhotes, ele \u00e9 meio sem no\u00e7\u00e3o&#8230; Tadinho do Jo\u00e3o. Certo dia, houve uma Ventania&#8230; ai meu Deus que confus\u00e3o&#8230; Na cestinha, Jo\u00e3o brincava distra\u00eddo&#8230; passou despercebido e a ventania o levou&#8230; por um passeio tranquilo, por todo o Riacho Comprido&#8230; O Vento, percebeu o ocorrido e cuidou do filhotinho&#8230; at\u00e9 que em seguran\u00e7a enroscou na beirada da horta da Av\u00f3 Ana&#8230; O Vento, suspirou uma brisa aliviado&#8230; pois ali sabia que Jo\u00e3o iria ser amado e cuidado&#8230; A Av\u00f3, surpresa&#8230; apressou-se a tricotar, para o Jo\u00e3o se esquentar pois o inverno logo ir\u00e1 chegar&#8230;. Jo\u00e3o aprendeu a sua primeira li\u00e7\u00e3o&#8230; o que \u00e9 ruim, pode sim melhorar \u2665.<\/em><\/p>\n<p>.<\/p>\n<h5 class=\"western\"><em><span style=\"color: #000000;\"><span style=\"font-family: Times New Roman, serif;\"><span style=\"font-size: large;\"><u>O que voc\u00ea ir\u00e1 encontrar nesse e-book:<\/u><\/span><\/span><\/span><\/em><\/h5>\n<p class=\"western\"><span style=\"color: #000000;\"><span style=\"font-family: Times New Roman, serif;\"><span style=\"font-size: medium;\">-Instru\u00e7\u00f5es de como tecer o amigurumi com textos explicativos, muitas fotos de passo a passo e v\u00eddeos das t\u00e9cnicas b\u00e1sicas usadas no projeto.<\/span><\/span><\/span><\/p>\n<p class=\"western\"><span style=\"color: #000000;\"><span style=\"font-family: Times New Roman, serif;\"><span style=\"font-size: medium;\">.<\/span><\/span><\/span><\/p>\n<h5 class=\"western\"><em><span style=\"color: #000000;\"><span style=\"font-family: Times New Roman, serif;\"><span style=\"font-size: large;\"><u>N\u00edvel de Dificuldade:<\/u><\/span><\/span><\/span><\/em><\/h5>\n<p class=\"western\"><span style=\"color: #000000;\"><span style=\"font-family: Times New Roman, serif;\"><span style=\"font-size: medium;\">-F\u00e1cil<\/span><\/span><\/span><\/p>\n<p class=\"western\"><span style=\"color: #000000;\"><span style=\"font-family: Times New Roman, serif;\"><span style=\"font-size: medium;\">.<\/span><\/span><\/span><\/p>\n<h5 class=\"western\"><em><span style=\"color: #000000;\"><span style=\"font-family: Times New Roman, serif;\"><span style=\"font-size: large;\"><u>O que eu preciso saber para executar este projeto?<\/u><\/span><\/span><\/span><\/em><\/h5>\n<p class=\"western\" align=\"LEFT\"><span style=\"color: #000000;\"><span style=\"font-family: Times New Roman, serif;\"><span style=\"font-size: medium;\">-Tric\u00f4 B\u00e1sico Circular <\/span><\/span><\/span><\/p>\n<p class=\"western\" align=\"LEFT\"><span style=\"color: #000000;\"><span style=\"font-family: Times New Roman, serif;\"><span style=\"font-size: medium;\">-Tric\u00f4 B\u00e1sico Plano<\/span><\/span><\/span><\/p>\n<p class=\"western\" align=\"LEFT\"><span style=\"color: #000000;\"><span style=\"font-family: Times New Roman, serif;\"><span style=\"font-size: medium;\">.<\/span><\/span><\/span><\/p>\n<h5 class=\"western\" align=\"LEFT\"><span style=\"color: #000000;\"><span style=\"font-family: Times New Roman, serif;\"><span style=\"font-size: large;\"><u>\u00c9 importante saber antes de comprar:<\/u><\/span><\/span><\/span><\/h5>\n<p class=\"western\" align=\"LEFT\"><span style=\"color: #000000;\"><span style=\"font-family: Times New Roman, serif;\"><span style=\"font-size: medium;\"><u>Ao clicar em comprar, voc\u00ea concorda com os termos de uso desta receita, descritos a seguir: Este material \u00e9 apenas para uso pessoal, n\u00e3o pode ser vendido ou fornecido de qualquer outra maneira, em nenhum meio de compartilhamento. Voc\u00ea pode vender as pe\u00e7as feitas, desde que d\u00ea os cr\u00e9ditos \u00e0 Tecel\u00ea \u2013 L\u00ea Yamashita, como designer. Todos os direitos s\u00e3o reservados, e o descumprimento pode acarretar processo judicial, conforme lei N\u00ba 9.610, de 19 de fevereiro de 1998. Obrigada por respeitar e valorizar o tempo e a dedica\u00e7\u00e3o de quem cria. N\u00e3o \u00e9 permitido o uso desta receita para promover workshops.<\/u><\/span><\/span><\/span><\/p>\n<p class=\"western\" align=\"LEFT\"><span style=\"color: #000000;\"><span style=\"font-family: Times New Roman, serif;\"><span style=\"font-size: medium;\">.<\/span><\/span><\/span><\/p>\n<p class=\"western\"><span style=\"font-family: Times New Roman, serif;\"><span style=\"font-size: medium;\"><span style=\"color: #000000;\"><span style=\"font-size: large;\"><b>Com a receita em m\u00e3os, \u00e9 hora de tecer! Qualquer d\u00favida envie um e-mail para <a href=\"mailto:tecele.contato@gmail.com\">tecele.contato@gmail.com<\/a><\/b><\/span><\/span><\/span><\/span><\/p>\n<p class=\"western\"><span style=\"color: #000000;\"><span style=\"font-family: Times New Roman, serif;\"><span style=\"font-size: medium;\">.<\/span><\/span><\/span><\/p>\n<p class=\"western\"><span style=\"font-family: Times New Roman, serif;\"><span style=\"font-size: medium;\"><em><span style=\"color: #000000;\"><span style=\"font-size: large;\"><i><u><b>Muito obrigado por visitar a loja Tecel\u00ea e desejo que voc\u00ea tenha uma \u00f3tima experi\u00eancia! \u2665<\/b><\/u><\/i><\/span><\/span><\/em><\/span><\/span><\/p>\n<\/div>\n","protected":false},"excerpt":{"rendered":"<p>Um filhotinho de pato chamado Jo\u00e3o&#8230; Como todos os filhotes, ele \u00e9 meio sem no\u00e7\u00e3o&#8230; Tadinho do Jo\u00e3o. Certo dia, houve uma Ventania&#8230; ai meu Deus que confus\u00e3o&#8230; Na cestinha, Jo\u00e3o brincava distra\u00eddo&#8230; passou despercebido e a ventania o levou&#8230; por um passeio tranquilo, por todo o Riacho Comprido&#8230; O Vento, percebeu o ocorrido e [&hellip;]<\/p>\n","protected":false},"featured_media":158,"comment_status":"open","ping_status":"closed","template":"","meta":{"site-sidebar-layout":"default","site-content-layout":"default","ast-site-content-layout":"default","site-content-style":"default","site-sidebar-style":"default","ast-global-header-display":"","ast-banner-title-visibility":"","ast-main-header-display":"","ast-hfb-above-header-display":"","ast-hfb-below-header-display":"","ast-hfb-mobile-header-display":"","site-post-title":"","ast-breadcrumbs-content":"","ast-featured-img":"","footer-sml-layout":"","ast-disable-related-posts":"","theme-transparent-header-meta":"default","adv-header-id-meta":"","stick-header-meta":"","header-above-stick-meta":"","header-main-stick-meta":"","header-below-stick-meta":"","astra-migrate-meta-layouts":"default","ast-page-background-enabled":"default","ast-page-background-meta":{"desktop":{"background-color":"var(--ast-global-color-4)","background-image":"","background-repeat":"repeat","background-position":"center center","background-size":"auto","background-attachment":"scroll","background-type":"","background-media":"","overlay-type":"","overlay-color":"","overlay-opacity":"","overlay-gradient":""},"tablet":{"background-color":"","background-image":"","background-repeat":"repeat","background-position":"center center","background-size":"auto","background-attachment":"scroll","background-type":"","background-media":"","overlay-type":"","overlay-color":"","overlay-opacity":"","overlay-gradient":""},"mobile":{"background-color":"","background-image":"","background-repeat":"repeat","background-position":"center center","background-size":"auto","background-attachment":"scroll","background-type":"","background-media":"","overlay-type":"","overlay-color":"","overlay-opacity":"","overlay-gradient":""}},"ast-content-background-meta":{"desktop":{"background-color":"var(--ast-global-color-5)","background-image":"","background-repeat":"repeat","background-position":"center center","background-size":"auto","background-attachment":"scroll","background-type":"","background-media":"","overlay-type":"","overlay-color":"","overlay-opacity":"","overlay-gradient":""},"tablet":{"background-color":"var(--ast-global-color-5)","background-image":"","background-repeat":"repeat","background-position":"center center","background-size":"auto","background-attachment":"scroll","background-type":"","background-media":"","overlay-type":"","overlay-color":"","overlay-opacity":"","overlay-gradient":""},"mobile":{"background-color":"var(--ast-global-color-5)","background-image":"","background-repeat":"repeat","background-position":"center center","background-size":"auto","background-attachment":"scroll","background-type":"","background-media":"","overlay-type":"","overlay-color":"","overlay-opacity":"","overlay-gradient":""}},"jetpack_publicize_message":"","jetpack_publicize_feature_enabled":true,"jetpack_social_post_already_shared":false,"jetpack_social_options":{"image_generator_settings":{"template":"highway","default_image_id":0,"font":"","enabled":false},"version":2}},"product_brand":[],"product_cat":[27],"product_tag":[],"class_list":{"0":"post-124","1":"product","2":"type-product","3":"status-publish","4":"has-post-thumbnail","6":"product_cat-amigurumis","7":"desktop-align-left","8":"tablet-align-left","9":"mobile-align-left","11":"first","12":"instock","13":"downloadable","14":"taxable","15":"shipping-taxable","16":"purchasable","17":"product-type-simple"},"jetpack_publicize_connections":[],"jetpack_likes_enabled":true,"jetpack_sharing_enabled":true,"_links":{"self":[{"href":"https:\/\/tecele.com.br\/index.php?rest_route=\/wp\/v2\/product\/124","targetHints":{"allow":["GET"]}}],"collection":[{"href":"https:\/\/tecele.com.br\/index.php?rest_route=\/wp\/v2\/product"}],"about":[{"href":"https:\/\/tecele.com.br\/index.php?rest_route=\/wp\/v2\/types\/product"}],"replies":[{"embeddable":true,"href":"https:\/\/tecele.com.br\/index.php?rest_route=%2Fwp%2Fv2%2Fcomments&post=124"}],"version-history":[{"count":6,"href":"https:\/\/tecele.com.br\/index.php?rest_route=\/wp\/v2\/product\/124\/revisions"}],"predecessor-version":[{"id":1060,"href":"https:\/\/tecele.com.br\/index.php?rest_route=\/wp\/v2\/product\/124\/revisions\/1060"}],"wp:featuredmedia":[{"embeddable":true,"href":"https:\/\/tecele.com.br\/index.php?rest_route=\/wp\/v2\/media\/158"}],"wp:attachment":[{"href":"https:\/\/tecele.com.br\/index.php?rest_route=%2Fwp%2Fv2%2Fmedia&parent=124"}],"wp:term":[{"taxonomy":"product_brand","embeddable":true,"href":"https:\/\/tecele.com.br\/index.php?rest_route=%2Fwp%2Fv2%2Fproduct_brand&post=124"},{"taxonomy":"product_cat","embeddable":true,"href":"https:\/\/tecele.com.br\/index.php?rest_route=%2Fwp%2Fv2%2Fproduct_cat&post=124"},{"taxonomy":"product_tag","embeddable":true,"href":"https:\/\/tecele.com.br\/index.php?rest_route=%2Fwp%2Fv2%2Fproduct_tag&post=124"}],"curies":[{"name":"wp","href":"https:\/\/api.w.org\/{rel}","templated":true}]}}