{"id":161,"date":"2022-05-29T20:42:53","date_gmt":"2022-05-29T23:42:53","guid":{"rendered":"https:\/\/tecele.com.br\/?post_type=product&#038;p=161"},"modified":"2022-08-14T16:08:35","modified_gmt":"2022-08-14T19:08:35","slug":"urso-pacato-e-book-de-amigurumi-em-trico","status":"publish","type":"product","link":"https:\/\/tecele.com.br\/?product=urso-pacato-e-book-de-amigurumi-em-trico","title":{"rendered":"Urso Pacato &#8211; E-book de Amigurumi em Tric\u00f4"},"content":{"rendered":"<div><em>Pacato \u00e9 tranquilo&#8230; Sempre que conhece algu\u00e9m novo ele dir\u00e1 &#8211; Muito prazer em te conhecer! Aceita uma x\u00edcara de ch\u00e1 e torta de mirtilo? &#8216; Cada tarde voc\u00ea o encontrar\u00e1 sentado&#8230; Em seu assento habitual sob a \u00c1rvore ao lado do Rio&#8230; Pacato fica em sil\u00eancio, prestando aten\u00e7\u00e3o nas hist\u00f3rias que o Rio conta&#8230;<\/em><\/div>\n<div>.<\/div>\n<div>\n<h5 class=\"western\"><em><span style=\"color: #000000;\"><span style=\"font-family: Times New Roman, serif;\"><span style=\"font-size: large;\"><u>O que voc\u00ea ir\u00e1 encontrar nesse e-book:<\/u><\/span><\/span><\/span><\/em><\/h5>\n<p class=\"western\"><span style=\"color: #000000;\"><span style=\"font-family: Times New Roman, serif;\"><span style=\"font-size: medium;\">-Instru\u00e7\u00f5es de como tecer o amigurumi com textos explicativos, muitas fotos de passo a passo e v\u00eddeos das t\u00e9cnicas b\u00e1sicas usadas no projeto.<\/span><\/span><\/span><\/p>\n<p class=\"western\"><span style=\"color: #000000;\"><span style=\"font-family: Times New Roman, serif;\"><span style=\"font-size: medium;\">.<\/span><\/span><\/span><\/p>\n<h5 class=\"western\"><em><span style=\"color: #000000;\"><span style=\"font-family: Times New Roman, serif;\"><span style=\"font-size: large;\"><u>N\u00edvel de Dificuldade:<\/u><\/span><\/span><\/span><\/em><\/h5>\n<p class=\"western\"><span style=\"color: #000000;\"><span style=\"font-family: Times New Roman, serif;\"><span style=\"font-size: medium;\">-F\u00e1cil<\/span><\/span><\/span><\/p>\n<p class=\"western\"><span style=\"color: #000000;\"><span style=\"font-family: Times New Roman, serif;\"><span style=\"font-size: medium;\">.<\/span><\/span><\/span><\/p>\n<h5 class=\"western\"><em><span style=\"color: #000000;\"><span style=\"font-family: Times New Roman, serif;\"><span style=\"font-size: large;\"><u>O que eu preciso saber para executar este projeto?<\/u><\/span><\/span><\/span><\/em><\/h5>\n<p class=\"western\" align=\"LEFT\"><span style=\"color: #000000;\"><span style=\"font-family: Times New Roman, serif;\"><span style=\"font-size: medium;\">-Tric\u00f4 B\u00e1sico Circular <\/span><\/span><\/span><\/p>\n<p class=\"western\" align=\"LEFT\"><span style=\"color: #000000;\"><span style=\"font-family: Times New Roman, serif;\"><span style=\"font-size: medium;\">-Tric\u00f4 B\u00e1sico Plano<\/span><\/span><\/span><\/p>\n<p class=\"western\" align=\"LEFT\"><span style=\"color: #000000;\"><span style=\"font-family: Times New Roman, serif;\"><span style=\"font-size: medium;\">.<\/span><\/span><\/span><\/p>\n<h5 class=\"western\" align=\"LEFT\"><span style=\"color: #000000;\"><span style=\"font-family: Times New Roman, serif;\"><span style=\"font-size: large;\"><u>\u00c9 importante saber antes de comprar:<\/u><\/span><\/span><\/span><\/h5>\n<p class=\"western\" align=\"LEFT\"><span style=\"color: #000000;\"><span style=\"font-family: Times New Roman, serif;\"><span style=\"font-size: medium;\"><u>Ao clicar em comprar, voc\u00ea concorda com os termos de uso desta receita, descritos a seguir: Este material \u00e9 apenas para uso pessoal, n\u00e3o pode ser vendido ou fornecido de qualquer outra maneira, em nenhum meio de compartilhamento. Voc\u00ea pode vender as pe\u00e7as feitas, desde que d\u00ea os cr\u00e9ditos \u00e0 Tecel\u00ea \u2013 L\u00ea Yamashita, como designer. Todos os direitos s\u00e3o reservados, e o descumprimento pode acarretar processo judicial, conforme lei N\u00ba 9.610, de 19 de fevereiro de 1998. Obrigada por respeitar e valorizar o tempo e a dedica\u00e7\u00e3o de quem cria. N\u00e3o \u00e9 permitido o uso desta receita para promover workshops.<\/u><\/span><\/span><\/span><\/p>\n<p class=\"western\" align=\"LEFT\"><span style=\"color: #000000;\"><span style=\"font-family: Times New Roman, serif;\"><span style=\"font-size: medium;\">.<\/span><\/span><\/span><\/p>\n<p class=\"western\"><span style=\"font-family: Times New Roman, serif;\"><span style=\"font-size: medium;\"><span style=\"color: #000000;\"><span style=\"font-size: large;\"><b>Com a receita em m\u00e3os, \u00e9 hora de tecer! Qualquer d\u00favida envie um e-mail para <a href=\"mailto:tecele.contato@gmail.com\">tecele.contato@gmail.com<\/a><\/b><\/span><\/span><\/span><\/span><\/p>\n<p class=\"western\"><span style=\"color: #000000;\"><span style=\"font-family: Times New Roman, serif;\"><span style=\"font-size: medium;\">.<\/span><\/span><\/span><\/p>\n<p class=\"western\"><span style=\"font-family: Times New Roman, serif;\"><span style=\"font-size: medium;\"><em><span style=\"color: #000000;\"><span style=\"font-size: large;\"><i><u><b>Muito obrigado por visitar a loja Tecel\u00ea e desejo que voc\u00ea tenha uma \u00f3tima experi\u00eancia! \u2665<\/b><\/u><\/i><\/span><\/span><\/em><\/span><\/span><\/p>\n<\/div>\n","protected":false},"excerpt":{"rendered":"<p>Pacato \u00e9 tranquilo&#8230; Sempre que conhece algu\u00e9m novo ele dir\u00e1 &#8211; Muito prazer em te conhecer! Aceita uma x\u00edcara de ch\u00e1 e torta de mirtilo? &#8216; Cada tarde voc\u00ea o encontrar\u00e1 sentado&#8230; Em seu assento habitual sob a \u00c1rvore ao lado do Rio&#8230; Pacato fica em sil\u00eancio, prestando aten\u00e7\u00e3o nas hist\u00f3rias que o Rio conta&#8230; &hellip;<\/p>\n<p class=\"read-more\"> <a class=\"\" href=\"https:\/\/tecele.com.br\/?product=urso-pacato-e-book-de-amigurumi-em-trico\"> <span class=\"screen-reader-text\">Urso Pacato &#8211; E-book de Amigurumi em Tric\u00f4<\/span> Leia mais &raquo;<\/a><\/p>\n","protected":false},"featured_media":191,"comment_status":"open","ping_status":"closed","template":"","meta":{"site-sidebar-layout":"default","site-content-layout":"default","ast-global-header-display":"","ast-main-header-display":"","ast-hfb-above-header-display":"","ast-hfb-below-header-display":"","ast-hfb-mobile-header-display":"","site-post-title":"","ast-breadcrumbs-content":"","ast-featured-img":"","footer-sml-layout":"","theme-transparent-header-meta":"default","adv-header-id-meta":"","stick-header-meta":"","header-above-stick-meta":"","header-main-stick-meta":"","header-below-stick-meta":"","jetpack_post_was_ever_published":false,"jetpack_publicize_message":"","jetpack_publicize_feature_enabled":true,"jetpack_social_post_already_shared":true,"jetpack_social_options":{"image_generator_settings":{"template":"highway","enabled":false}}},"product_cat":[27],"product_tag":[],"class_list":{"0":"post-161","1":"product","2":"type-product","3":"status-publish","4":"has-post-thumbnail","6":"product_cat-amigurumis","8":"first","9":"instock","10":"featured","11":"downloadable","12":"taxable","13":"shipping-taxable","14":"purchasable","15":"product-type-simple"},"jetpack_publicize_connections":[],"jetpack_likes_enabled":true,"jetpack_sharing_enabled":true,"_links":{"self":[{"href":"https:\/\/tecele.com.br\/index.php?rest_route=\/wp\/v2\/product\/161","targetHints":{"allow":["GET"]}}],"collection":[{"href":"https:\/\/tecele.com.br\/index.php?rest_route=\/wp\/v2\/product"}],"about":[{"href":"https:\/\/tecele.com.br\/index.php?rest_route=\/wp\/v2\/types\/product"}],"replies":[{"embeddable":true,"href":"https:\/\/tecele.com.br\/index.php?rest_route=%2Fwp%2Fv2%2Fcomments&post=161"}],"version-history":[{"count":6,"href":"https:\/\/tecele.com.br\/index.php?rest_route=\/wp\/v2\/product\/161\/revisions"}],"predecessor-version":[{"id":1061,"href":"https:\/\/tecele.com.br\/index.php?rest_route=\/wp\/v2\/product\/161\/revisions\/1061"}],"wp:featuredmedia":[{"embeddable":true,"href":"https:\/\/tecele.com.br\/index.php?rest_route=\/wp\/v2\/media\/191"}],"wp:attachment":[{"href":"https:\/\/tecele.com.br\/index.php?rest_route=%2Fwp%2Fv2%2Fmedia&parent=161"}],"wp:term":[{"taxonomy":"product_cat","embeddable":true,"href":"https:\/\/tecele.com.br\/index.php?rest_route=%2Fwp%2Fv2%2Fproduct_cat&post=161"},{"taxonomy":"product_tag","embeddable":true,"href":"https:\/\/tecele.com.br\/index.php?rest_route=%2Fwp%2Fv2%2Fproduct_tag&post=161"}],"curies":[{"name":"wp","href":"https:\/\/api.w.org\/{rel}","templated":true}]}}