{"id":1819,"date":"2023-03-13T21:08:19","date_gmt":"2023-03-14T00:08:19","guid":{"rendered":"https:\/\/tecele.com.br\/?post_type=product&#038;p=1819"},"modified":"2024-02-22T10:41:02","modified_gmt":"2024-02-22T13:41:02","slug":"gorrinho-orvalho-e-book","status":"publish","type":"product","link":"https:\/\/tecele.com.br\/?product=gorrinho-orvalho-e-book","title":{"rendered":"Gorrinho Orvalho &#8211; E-book"},"content":{"rendered":"<p>Voc\u00ea encontrar\u00e1 nesse e-book as instru\u00e7\u00f5es para tecer o gorrinho com textos explicativos, fotos e v\u00eddeos das t\u00e9cnicas b\u00e1sicas usadas no projeto. Tamb\u00e9m encontrar\u00e1 uma tabela de medida para adaptar e tricotar gorrinhos de qualquer tamanho.<\/p>\n<p>N\u00edvel de Dificuldade: B\u00e1sico<\/p>\n<p>Para executar o projeto, voc\u00ea precisa saber: Tric\u00f4 Circular<\/p>\n<p class=\"western\" align=\"LEFT\">\u00c9 importante saber antes de comprar que, ao baixar esse e-book, voc\u00ea concorda com os termos de uso deste padr\u00e3o, descritos a seguir: Este material \u00e9 apenas para uso pessoal, n\u00e3o pode ser vendido ou fornecido de qualquer outra maneira, em nenhum meio de compartilhamento. \u00a0Voc\u00ea pode vender as pe\u00e7as feitas a partir deste e-book, desde que d\u00ea os cr\u00e9ditos \u00e0 Tecel\u00ea \u2013 L\u00ea Yamashita, como designer.N\u00e3o \u00e9 permitido o uso desse e-book e nem partes dele em workshops.<\/p>\n<p class=\"western\" align=\"LEFT\">Todos os direitos s\u00e3o reservados, o descumprimento pode acarretar processo judicial, conforme a lei N\u00ba 9.610, de 19 de Fevereiro de 1998. Obrigada por respeitar e valorizar o tempo e a dedica\u00e7\u00e3o de quem cria.<\/p>\n<p align=\"LEFT\">Obrigada por visitar a loja e apoiar meu pequeno neg\u00f3cio artesanal. Desejo que voc\u00ea tenha uma experi\u00eancia incr\u00edvel<\/p>\n","protected":false},"excerpt":{"rendered":"<p>Voc\u00ea encontrar\u00e1 nesse e-book as instru\u00e7\u00f5es para tecer o gorrinho com textos explicativos, fotos e v\u00eddeos das t\u00e9cnicas b\u00e1sicas usadas no projeto. Tamb\u00e9m encontrar\u00e1 uma tabela de medida para adaptar e tricotar gorrinhos de qualquer tamanho. N\u00edvel de Dificuldade: B\u00e1sico Para executar o projeto, voc\u00ea precisa saber: Tric\u00f4 Circular \u00c9 importante saber antes de comprar &hellip;<\/p>\n<p class=\"read-more\"> <a class=\"\" href=\"https:\/\/tecele.com.br\/?product=gorrinho-orvalho-e-book\"> <span class=\"screen-reader-text\">Gorrinho Orvalho &#8211; E-book<\/span> Leia mais &raquo;<\/a><\/p>\n","protected":false},"featured_media":1822,"comment_status":"open","ping_status":"closed","template":"","meta":{"site-sidebar-layout":"default","site-content-layout":"default","ast-global-header-display":"","ast-main-header-display":"","ast-hfb-above-header-display":"","ast-hfb-below-header-display":"","ast-hfb-mobile-header-display":"","site-post-title":"","ast-breadcrumbs-content":"","ast-featured-img":"","footer-sml-layout":"","theme-transparent-header-meta":"default","adv-header-id-meta":"","stick-header-meta":"","header-above-stick-meta":"","header-main-stick-meta":"","header-below-stick-meta":"","jetpack_post_was_ever_published":false,"jetpack_publicize_message":"","jetpack_publicize_feature_enabled":true,"jetpack_social_post_already_shared":true,"jetpack_social_options":{"image_generator_settings":{"template":"highway","enabled":false}}},"product_cat":[15],"product_tag":[],"class_list":{"0":"post-1819","1":"product","2":"type-product","3":"status-publish","4":"has-post-thumbnail","6":"product_cat-sem-categoria","8":"first","9":"instock","10":"downloadable","11":"taxable","12":"shipping-taxable","13":"purchasable","14":"product-type-simple"},"jetpack_publicize_connections":[],"jetpack_likes_enabled":true,"jetpack_sharing_enabled":true,"_links":{"self":[{"href":"https:\/\/tecele.com.br\/index.php?rest_route=\/wp\/v2\/product\/1819","targetHints":{"allow":["GET"]}}],"collection":[{"href":"https:\/\/tecele.com.br\/index.php?rest_route=\/wp\/v2\/product"}],"about":[{"href":"https:\/\/tecele.com.br\/index.php?rest_route=\/wp\/v2\/types\/product"}],"replies":[{"embeddable":true,"href":"https:\/\/tecele.com.br\/index.php?rest_route=%2Fwp%2Fv2%2Fcomments&post=1819"}],"version-history":[{"count":1,"href":"https:\/\/tecele.com.br\/index.php?rest_route=\/wp\/v2\/product\/1819\/revisions"}],"predecessor-version":[{"id":1823,"href":"https:\/\/tecele.com.br\/index.php?rest_route=\/wp\/v2\/product\/1819\/revisions\/1823"}],"wp:featuredmedia":[{"embeddable":true,"href":"https:\/\/tecele.com.br\/index.php?rest_route=\/wp\/v2\/media\/1822"}],"wp:attachment":[{"href":"https:\/\/tecele.com.br\/index.php?rest_route=%2Fwp%2Fv2%2Fmedia&parent=1819"}],"wp:term":[{"taxonomy":"product_cat","embeddable":true,"href":"https:\/\/tecele.com.br\/index.php?rest_route=%2Fwp%2Fv2%2Fproduct_cat&post=1819"},{"taxonomy":"product_tag","embeddable":true,"href":"https:\/\/tecele.com.br\/index.php?rest_route=%2Fwp%2Fv2%2Fproduct_tag&post=1819"}],"curies":[{"name":"wp","href":"https:\/\/api.w.org\/{rel}","templated":true}]}}