{"id":1929,"date":"2023-06-26T11:46:37","date_gmt":"2023-06-26T14:46:37","guid":{"rendered":"https:\/\/tecele.com.br\/?post_type=product&#038;p=1929"},"modified":"2023-08-09T04:28:46","modified_gmt":"2023-08-09T07:28:46","slug":"elfos-ferdinando-e-waldemar-e-book-de-amigurumi-em-trico","status":"publish","type":"product","link":"https:\/\/tecele.com.br\/?product=elfos-ferdinando-e-waldemar-e-book-de-amigurumi-em-trico","title":{"rendered":"Elfos Ferdinando e Waldemar &#8211; E-book de amigurumi em tric\u00f4"},"content":{"rendered":"<p>Voc\u00ea encontrar\u00e1 nesse e-book as instru\u00e7\u00f5es para tecer o elfo principal com textos explicativos, fotos e v\u00eddeos das t\u00e9cnicas b\u00e1sicas usadas no projeto. Tamb\u00e9m as instru\u00e7\u00f5es para adaptar o projeto principal e tecer o segundo elfo.<\/p>\n<p>N\u00edvel de Dificuldade: B\u00e1sico<\/p>\n<p>Para executar o projeto, voc\u00ea precisa saber: Tric\u00f4 Circular B\u00e1sico<\/p>\n<p class=\"western\" align=\"LEFT\">\u00c9 importante saber antes de comprar que, ao baixar esse e-book, voc\u00ea concorda com os termos de uso deste padr\u00e3o, descritos a seguir: Este material \u00e9 apenas para uso pessoal, n\u00e3o pode ser vendido ou fornecido de qualquer outra maneira, em nenhum meio de compartilhamento. \u00a0Voc\u00ea pode vender as pe\u00e7as feitas a partir deste e-book, desde que d\u00ea os cr\u00e9ditos \u00e0 Tecel\u00ea \u2013 L\u00ea Yamashita, como designer. N\u00e3o \u00e9 permitido o uso desse e-book e nem partes dele em workshops.<\/p>\n<p class=\"western\" align=\"LEFT\">Todos os direitos s\u00e3o reservados, o descumprimento pode acarretar processo judicial, conforme a lei N\u00ba 9.610, de 19 de Fevereiro de 1998. Obrigada por respeitar e valorizar o tempo e a dedica\u00e7\u00e3o de quem cria.<\/p>\n<p align=\"LEFT\">Obrigada por visitar a loja e apoiar meu pequeno neg\u00f3cio artesanal. Desejo que voc\u00ea tenha uma experi\u00eancia incr\u00edvel!<\/p>\n","protected":false},"excerpt":{"rendered":"<p>Voc\u00ea encontrar\u00e1 nesse e-book as instru\u00e7\u00f5es para tecer o elfo principal com textos explicativos, fotos e v\u00eddeos das t\u00e9cnicas b\u00e1sicas usadas no projeto. Tamb\u00e9m as instru\u00e7\u00f5es para adaptar o projeto principal e tecer o segundo elfo. N\u00edvel de Dificuldade: B\u00e1sico Para executar o projeto, voc\u00ea precisa saber: Tric\u00f4 Circular B\u00e1sico \u00c9 importante saber antes de [&hellip;]<\/p>\n","protected":false},"featured_media":1932,"comment_status":"open","ping_status":"closed","template":"","meta":{"site-sidebar-layout":"default","site-content-layout":"default","ast-site-content-layout":"default","site-content-style":"default","site-sidebar-style":"default","ast-global-header-display":"","ast-banner-title-visibility":"","ast-main-header-display":"","ast-hfb-above-header-display":"","ast-hfb-below-header-display":"","ast-hfb-mobile-header-display":"","site-post-title":"","ast-breadcrumbs-content":"","ast-featured-img":"","footer-sml-layout":"","ast-disable-related-posts":"","theme-transparent-header-meta":"default","adv-header-id-meta":"","stick-header-meta":"","header-above-stick-meta":"","header-main-stick-meta":"","header-below-stick-meta":"","astra-migrate-meta-layouts":"default","ast-page-background-enabled":"default","ast-page-background-meta":{"desktop":{"background-color":"var(--ast-global-color-4)","background-image":"","background-repeat":"repeat","background-position":"center center","background-size":"auto","background-attachment":"scroll","background-type":"","background-media":"","overlay-type":"","overlay-color":"","overlay-opacity":"","overlay-gradient":""},"tablet":{"background-color":"","background-image":"","background-repeat":"repeat","background-position":"center center","background-size":"auto","background-attachment":"scroll","background-type":"","background-media":"","overlay-type":"","overlay-color":"","overlay-opacity":"","overlay-gradient":""},"mobile":{"background-color":"","background-image":"","background-repeat":"repeat","background-position":"center center","background-size":"auto","background-attachment":"scroll","background-type":"","background-media":"","overlay-type":"","overlay-color":"","overlay-opacity":"","overlay-gradient":""}},"ast-content-background-meta":{"desktop":{"background-color":"var(--ast-global-color-5)","background-image":"","background-repeat":"repeat","background-position":"center center","background-size":"auto","background-attachment":"scroll","background-type":"","background-media":"","overlay-type":"","overlay-color":"","overlay-opacity":"","overlay-gradient":""},"tablet":{"background-color":"var(--ast-global-color-5)","background-image":"","background-repeat":"repeat","background-position":"center center","background-size":"auto","background-attachment":"scroll","background-type":"","background-media":"","overlay-type":"","overlay-color":"","overlay-opacity":"","overlay-gradient":""},"mobile":{"background-color":"var(--ast-global-color-5)","background-image":"","background-repeat":"repeat","background-position":"center center","background-size":"auto","background-attachment":"scroll","background-type":"","background-media":"","overlay-type":"","overlay-color":"","overlay-opacity":"","overlay-gradient":""}},"jetpack_publicize_message":"","jetpack_publicize_feature_enabled":true,"jetpack_social_post_already_shared":true,"jetpack_social_options":{"image_generator_settings":{"template":"highway","default_image_id":0,"font":"","enabled":false},"version":2}},"product_brand":[],"product_cat":[27],"product_tag":[53,54,42],"class_list":{"0":"post-1929","1":"product","2":"type-product","3":"status-publish","4":"has-post-thumbnail","6":"product_cat-amigurumis","7":"product_tag-amigurumi","8":"product_tag-natal","9":"product_tag-trico","10":"desktop-align-left","11":"tablet-align-left","12":"mobile-align-left","14":"first","15":"instock","16":"downloadable","17":"taxable","18":"shipping-taxable","19":"purchasable","20":"product-type-simple"},"jetpack_publicize_connections":[],"jetpack_likes_enabled":true,"jetpack_sharing_enabled":true,"_links":{"self":[{"href":"https:\/\/tecele.com.br\/index.php?rest_route=\/wp\/v2\/product\/1929","targetHints":{"allow":["GET"]}}],"collection":[{"href":"https:\/\/tecele.com.br\/index.php?rest_route=\/wp\/v2\/product"}],"about":[{"href":"https:\/\/tecele.com.br\/index.php?rest_route=\/wp\/v2\/types\/product"}],"replies":[{"embeddable":true,"href":"https:\/\/tecele.com.br\/index.php?rest_route=%2Fwp%2Fv2%2Fcomments&post=1929"}],"version-history":[{"count":2,"href":"https:\/\/tecele.com.br\/index.php?rest_route=\/wp\/v2\/product\/1929\/revisions"}],"predecessor-version":[{"id":1935,"href":"https:\/\/tecele.com.br\/index.php?rest_route=\/wp\/v2\/product\/1929\/revisions\/1935"}],"wp:featuredmedia":[{"embeddable":true,"href":"https:\/\/tecele.com.br\/index.php?rest_route=\/wp\/v2\/media\/1932"}],"wp:attachment":[{"href":"https:\/\/tecele.com.br\/index.php?rest_route=%2Fwp%2Fv2%2Fmedia&parent=1929"}],"wp:term":[{"taxonomy":"product_brand","embeddable":true,"href":"https:\/\/tecele.com.br\/index.php?rest_route=%2Fwp%2Fv2%2Fproduct_brand&post=1929"},{"taxonomy":"product_cat","embeddable":true,"href":"https:\/\/tecele.com.br\/index.php?rest_route=%2Fwp%2Fv2%2Fproduct_cat&post=1929"},{"taxonomy":"product_tag","embeddable":true,"href":"https:\/\/tecele.com.br\/index.php?rest_route=%2Fwp%2Fv2%2Fproduct_tag&post=1929"}],"curies":[{"name":"wp","href":"https:\/\/api.w.org\/{rel}","templated":true}]}}