{"id":2020,"date":"2023-11-16T17:15:20","date_gmt":"2023-11-16T20:15:20","guid":{"rendered":"https:\/\/tecele.com.br\/?post_type=product&#038;p=2020"},"modified":"2023-11-16T17:15:20","modified_gmt":"2023-11-16T20:15:20","slug":"papai-noel-e-duende-de-natal","status":"publish","type":"product","link":"https:\/\/tecele.com.br\/?product=papai-noel-e-duende-de-natal","title":{"rendered":"Papai Noel e Duende de Natal"},"content":{"rendered":"<div class=\"woocommerce-product-gallery woocommerce-product-gallery--with-images woocommerce-product-gallery--columns-4 images\" data-columns=\"4\"><a class=\"woocommerce-product-gallery__trigger\" href=\"https:\/\/tecele.com.br\/?product=elfos-ferdinando-e-waldemar-e-book-de-amigurumi-em-trico#\">\ud83d\udd0d<\/a><\/p>\n<div class=\"flex-viewport\">\n<div class=\"woocommerce-product-gallery__wrapper\">\n<div class=\"woocommerce-product-gallery__image\" data-thumb=\"https:\/\/i0.wp.com\/tecele.com.br\/wp-content\/uploads\/2023\/06\/Passo-a-passo-Dundes-37.jpg?fit=100%2C71&amp;ssl=1\" data-thumb-alt=\"\"><span style=\"font-size: 16px;\">Voc\u00ea encontrar\u00e1 nesse e-book as instru\u00e7\u00f5es para tecer o Duende e o Papai Noel.<\/span><\/div>\n<\/div>\n<\/div>\n<\/div>\n<div class=\"woocommerce-tabs wc-tabs-wrapper\">\n<div id=\"tab-description\" class=\"woocommerce-Tabs-panel woocommerce-Tabs-panel--description panel entry-content wc-tab\" role=\"tabpanel\" aria-labelledby=\"tab-title-description\">\n<p>N\u00edvel de Dificuldade: B\u00e1sico<\/p>\n<p>Para executar o projeto, voc\u00ea precisa saber: Tric\u00f4 Plano<\/p>\n<p class=\"western\" align=\"LEFT\">\u00c9 importante saber antes de comprar que, ao baixar esse e-book, voc\u00ea concorda com os termos de uso deste padr\u00e3o, descritos a seguir: Este material \u00e9 apenas para uso pessoal, n\u00e3o pode ser vendido ou fornecido de qualquer outra maneira, em nenhum meio de compartilhamento. \u00a0Voc\u00ea pode vender as pe\u00e7as feitas a partir deste e-book, desde que d\u00ea os cr\u00e9ditos \u00e0 Tecel\u00ea \u2013 L\u00ea Yamashita, como designer. N\u00e3o \u00e9 permitido o uso desse e-book e nem partes dele em workshops.<\/p>\n<p class=\"western\" align=\"LEFT\">Todos os direitos s\u00e3o reservados, o descumprimento pode acarretar processo judicial, conforme a lei N\u00ba 9.610, de 19 de Fevereiro de 1998. Obrigada por respeitar e valorizar o tempo e a dedica\u00e7\u00e3o de quem cria.<\/p>\n<p align=\"LEFT\">Obrigada por visitar a loja e apoiar meu pequeno neg\u00f3cio artesanal. Desejo que voc\u00ea tenha uma experi\u00eancia incr\u00edvel!<\/p>\n<\/div>\n<\/div>\n","protected":false},"excerpt":{"rendered":"<p>\ud83d\udd0d Voc\u00ea encontrar\u00e1 nesse e-book as instru\u00e7\u00f5es para tecer o Duende e o Papai Noel. N\u00edvel de Dificuldade: B\u00e1sico Para executar o projeto, voc\u00ea precisa saber: Tric\u00f4 Plano \u00c9 importante saber antes de comprar que, ao baixar esse e-book, voc\u00ea concorda com os termos de uso deste padr\u00e3o, descritos a seguir: Este material \u00e9 apenas [&hellip;]<\/p>\n","protected":false},"featured_media":2021,"comment_status":"open","ping_status":"closed","template":"","meta":{"site-sidebar-layout":"default","site-content-layout":"default","ast-site-content-layout":"default","site-content-style":"default","site-sidebar-style":"default","ast-global-header-display":"","ast-banner-title-visibility":"","ast-main-header-display":"","ast-hfb-above-header-display":"","ast-hfb-below-header-display":"","ast-hfb-mobile-header-display":"","site-post-title":"","ast-breadcrumbs-content":"","ast-featured-img":"","footer-sml-layout":"","ast-disable-related-posts":"","theme-transparent-header-meta":"default","adv-header-id-meta":"","stick-header-meta":"","header-above-stick-meta":"","header-main-stick-meta":"","header-below-stick-meta":"","astra-migrate-meta-layouts":"default","ast-page-background-enabled":"default","ast-page-background-meta":{"desktop":{"background-color":"var(--ast-global-color-4)","background-image":"","background-repeat":"repeat","background-position":"center center","background-size":"auto","background-attachment":"scroll","background-type":"","background-media":"","overlay-type":"","overlay-color":"","overlay-opacity":"","overlay-gradient":""},"tablet":{"background-color":"","background-image":"","background-repeat":"repeat","background-position":"center center","background-size":"auto","background-attachment":"scroll","background-type":"","background-media":"","overlay-type":"","overlay-color":"","overlay-opacity":"","overlay-gradient":""},"mobile":{"background-color":"","background-image":"","background-repeat":"repeat","background-position":"center center","background-size":"auto","background-attachment":"scroll","background-type":"","background-media":"","overlay-type":"","overlay-color":"","overlay-opacity":"","overlay-gradient":""}},"ast-content-background-meta":{"desktop":{"background-color":"var(--ast-global-color-5)","background-image":"","background-repeat":"repeat","background-position":"center center","background-size":"auto","background-attachment":"scroll","background-type":"","background-media":"","overlay-type":"","overlay-color":"","overlay-opacity":"","overlay-gradient":""},"tablet":{"background-color":"var(--ast-global-color-5)","background-image":"","background-repeat":"repeat","background-position":"center center","background-size":"auto","background-attachment":"scroll","background-type":"","background-media":"","overlay-type":"","overlay-color":"","overlay-opacity":"","overlay-gradient":""},"mobile":{"background-color":"var(--ast-global-color-5)","background-image":"","background-repeat":"repeat","background-position":"center center","background-size":"auto","background-attachment":"scroll","background-type":"","background-media":"","overlay-type":"","overlay-color":"","overlay-opacity":"","overlay-gradient":""}},"jetpack_publicize_message":"","jetpack_publicize_feature_enabled":true,"jetpack_social_post_already_shared":true,"jetpack_social_options":{"image_generator_settings":{"template":"highway","default_image_id":0,"font":"","enabled":false},"version":2}},"product_brand":[],"product_cat":[15],"product_tag":[],"class_list":{"0":"post-2020","1":"product","2":"type-product","3":"status-publish","4":"has-post-thumbnail","6":"product_cat-sem-categoria","7":"desktop-align-left","8":"tablet-align-left","9":"mobile-align-left","11":"first","12":"instock","13":"downloadable","14":"taxable","15":"shipping-taxable","16":"purchasable","17":"product-type-simple"},"jetpack_publicize_connections":[],"jetpack_likes_enabled":true,"jetpack_sharing_enabled":true,"_links":{"self":[{"href":"https:\/\/tecele.com.br\/index.php?rest_route=\/wp\/v2\/product\/2020","targetHints":{"allow":["GET"]}}],"collection":[{"href":"https:\/\/tecele.com.br\/index.php?rest_route=\/wp\/v2\/product"}],"about":[{"href":"https:\/\/tecele.com.br\/index.php?rest_route=\/wp\/v2\/types\/product"}],"replies":[{"embeddable":true,"href":"https:\/\/tecele.com.br\/index.php?rest_route=%2Fwp%2Fv2%2Fcomments&post=2020"}],"version-history":[{"count":1,"href":"https:\/\/tecele.com.br\/index.php?rest_route=\/wp\/v2\/product\/2020\/revisions"}],"predecessor-version":[{"id":2025,"href":"https:\/\/tecele.com.br\/index.php?rest_route=\/wp\/v2\/product\/2020\/revisions\/2025"}],"wp:featuredmedia":[{"embeddable":true,"href":"https:\/\/tecele.com.br\/index.php?rest_route=\/wp\/v2\/media\/2021"}],"wp:attachment":[{"href":"https:\/\/tecele.com.br\/index.php?rest_route=%2Fwp%2Fv2%2Fmedia&parent=2020"}],"wp:term":[{"taxonomy":"product_brand","embeddable":true,"href":"https:\/\/tecele.com.br\/index.php?rest_route=%2Fwp%2Fv2%2Fproduct_brand&post=2020"},{"taxonomy":"product_cat","embeddable":true,"href":"https:\/\/tecele.com.br\/index.php?rest_route=%2Fwp%2Fv2%2Fproduct_cat&post=2020"},{"taxonomy":"product_tag","embeddable":true,"href":"https:\/\/tecele.com.br\/index.php?rest_route=%2Fwp%2Fv2%2Fproduct_tag&post=2020"}],"curies":[{"name":"wp","href":"https:\/\/api.w.org\/{rel}","templated":true}]}}