{"id":2125,"date":"2024-01-11T09:09:49","date_gmt":"2024-01-11T12:09:49","guid":{"rendered":"https:\/\/tecele.com.br\/?post_type=product&#038;p=2125"},"modified":"2024-01-11T09:10:12","modified_gmt":"2024-01-11T12:10:12","slug":"manta-haras-ebook","status":"publish","type":"product","link":"https:\/\/tecele.com.br\/?product=manta-haras-ebook","title":{"rendered":"Manta Haras \u2022 Ebook"},"content":{"rendered":"<p>N\u00e3o \u00e9 a manta pronta! \u00c9 um arquivo digital!<\/p>\n<div class=\"all-language\">\n<p>Informa\u00e7\u00f5es t\u00e9cnicas:<\/p>\n<ul>\n<li style=\"list-style-type: none;\">\n<ul>\n<li>Idioma: Portugu\u00eas;<\/li>\n<li>Manta feita em Tric\u00f4 Plano com pontos fantasia;<\/li>\n<li>PDF com 10 p\u00e1ginas, fotos;<\/li>\n<li>Instru\u00e7\u00f5es para tecer e alterar o tamanho da manta;<\/li>\n<li>N\u00edvel de dificuldade: f\u00e1cil.<\/li>\n<\/ul>\n<\/li>\n<\/ul>\n<p><em><strong>N\u00e3o \u00e9 feito troca de arquivo por assinatura do Clube em caso de compra por engano.<\/strong><\/em><\/p>\n<p><strong>Ap\u00f3s a confirma\u00e7\u00e3o do pagamento o PDF ficar\u00e1 dispon\u00edvel para download na sua conta aqui no site.<\/strong><\/p>\n<\/div>\n<p><span class=\"JsGRdQ\"><strong>Lembre-se que esse padr\u00e3o \u00e9 apenas para uso pessoal, sua venda ou compartilhamento s\u00e3o estritamente proibidos, de acordo com a LEI 9.610\/98, dos direitos autorais.<\/strong><\/span><\/p>\n","protected":false},"excerpt":{"rendered":"<p>N\u00e3o \u00e9 a manta pronta! \u00c9 um arquivo digital! Informa\u00e7\u00f5es t\u00e9cnicas: Idioma: Portugu\u00eas; Manta feita em Tric\u00f4 Plano com pontos fantasia; PDF com 10 p\u00e1ginas, fotos; Instru\u00e7\u00f5es para tecer e alterar o tamanho da manta; N\u00edvel de dificuldade: f\u00e1cil. N\u00e3o \u00e9 feito troca de arquivo por assinatura do Clube em caso de compra por engano. &hellip;<\/p>\n<p class=\"read-more\"> <a class=\"\" href=\"https:\/\/tecele.com.br\/?product=manta-haras-ebook\"> <span class=\"screen-reader-text\">Manta Haras \u2022 Ebook<\/span> Leia mais &raquo;<\/a><\/p>\n","protected":false},"featured_media":1999,"comment_status":"open","ping_status":"closed","template":"","meta":{"site-sidebar-layout":"default","site-content-layout":"default","ast-global-header-display":"","ast-main-header-display":"","ast-hfb-above-header-display":"","ast-hfb-below-header-display":"","ast-hfb-mobile-header-display":"","site-post-title":"","ast-breadcrumbs-content":"","ast-featured-img":"","footer-sml-layout":"","theme-transparent-header-meta":"default","adv-header-id-meta":"","stick-header-meta":"","header-above-stick-meta":"","header-main-stick-meta":"","header-below-stick-meta":"","jetpack_post_was_ever_published":false,"jetpack_publicize_message":"","jetpack_publicize_feature_enabled":true,"jetpack_social_post_already_shared":true,"jetpack_social_options":{"image_generator_settings":{"template":"highway","enabled":false}}},"product_cat":[15],"product_tag":[],"class_list":{"0":"post-2125","1":"product","2":"type-product","3":"status-publish","4":"has-post-thumbnail","6":"product_cat-sem-categoria","8":"first","9":"instock","10":"downloadable","11":"taxable","12":"shipping-taxable","13":"purchasable","14":"product-type-simple"},"jetpack_publicize_connections":[],"jetpack_likes_enabled":true,"jetpack_sharing_enabled":true,"_links":{"self":[{"href":"https:\/\/tecele.com.br\/index.php?rest_route=\/wp\/v2\/product\/2125","targetHints":{"allow":["GET"]}}],"collection":[{"href":"https:\/\/tecele.com.br\/index.php?rest_route=\/wp\/v2\/product"}],"about":[{"href":"https:\/\/tecele.com.br\/index.php?rest_route=\/wp\/v2\/types\/product"}],"replies":[{"embeddable":true,"href":"https:\/\/tecele.com.br\/index.php?rest_route=%2Fwp%2Fv2%2Fcomments&post=2125"}],"version-history":[{"count":2,"href":"https:\/\/tecele.com.br\/index.php?rest_route=\/wp\/v2\/product\/2125\/revisions"}],"predecessor-version":[{"id":2132,"href":"https:\/\/tecele.com.br\/index.php?rest_route=\/wp\/v2\/product\/2125\/revisions\/2132"}],"wp:featuredmedia":[{"embeddable":true,"href":"https:\/\/tecele.com.br\/index.php?rest_route=\/wp\/v2\/media\/1999"}],"wp:attachment":[{"href":"https:\/\/tecele.com.br\/index.php?rest_route=%2Fwp%2Fv2%2Fmedia&parent=2125"}],"wp:term":[{"taxonomy":"product_cat","embeddable":true,"href":"https:\/\/tecele.com.br\/index.php?rest_route=%2Fwp%2Fv2%2Fproduct_cat&post=2125"},{"taxonomy":"product_tag","embeddable":true,"href":"https:\/\/tecele.com.br\/index.php?rest_route=%2Fwp%2Fv2%2Fproduct_tag&post=2125"}],"curies":[{"name":"wp","href":"https:\/\/api.w.org\/{rel}","templated":true}]}}