{"id":2335,"date":"2024-05-09T22:16:35","date_gmt":"2024-05-10T01:16:35","guid":{"rendered":"https:\/\/tecele.com.br\/?post_type=product&#038;p=2335"},"modified":"2024-05-16T00:00:20","modified_gmt":"2024-05-16T03:00:20","slug":"worshop-online-coelhinho-pecan","status":"publish","type":"product","link":"https:\/\/tecele.com.br\/?product=worshop-online-coelhinho-pecan","title":{"rendered":"Worshop Online &#8211; Coelhinho Pecan"},"content":{"rendered":"<p>Bem-vindo ao nosso encantador Workshop Fant\u00e1stico, onde voc\u00ea aprender\u00e1 a criar uma ador\u00e1vel obra de arte t\u00eaxtil: o Coelhinho Pecan!<\/p>\n<p>Prepare-se para embarcar em uma jornada de habilidades de tric\u00f4 e cria\u00e7\u00e3o de amigurumi, enquanto voc\u00ea tece carinho e personalidade em cada ponto. Neste curso, voc\u00ea ser\u00e1 guiado passo a passo por meio de instru\u00e7\u00f5es claras e demonstra\u00e7\u00f5es pr\u00e1ticas, adequadas tanto para iniciantes quanto para entusiastas experientes.<\/p>\n<p>O Coelhinho Pecan \u00e9 mais do que uma simples pe\u00e7a de tric\u00f4, \u00e9 uma express\u00e3o art\u00edstica que irradia charme e delicadeza. Ao longo das aulas, voc\u00ea aprender\u00e1 as t\u00e9cnicas fundamentais de tric\u00f4 necess\u00e1rias para criar este amiguinho, desde a montagem dos pontos at\u00e9 os acabamentos finais.<\/p>\n<p>Al\u00e9m disso, voc\u00ea ter\u00e1 a oportunidade de personalizar o seu Coelhinho Pecan, dando-lhe um toque \u00fanico e especial. Explore varia\u00e7\u00f5es de cores e crie express\u00f5es faciais que transmitam a personalidade que voc\u00ea imagina para o seu novo amigo de tric\u00f4.<\/p>\n<p>Ao concluir este curso, voc\u00ea n\u00e3o apenas dominar\u00e1 as habilidades essenciais de tric\u00f4 e amigurumi, mas tamb\u00e9m ter\u00e1 em m\u00e3os um ador\u00e1vel Coelhinho Pecan, pronto para encantar cora\u00e7\u00f5es e decorar qualquer ambiente com seu charme irresist\u00edvel. Venha se juntar a n\u00f3s nesta aventura criativa e deixe sua imagina\u00e7\u00e3o fluir enquanto voc\u00ea tece e molda o seu pr\u00f3prio amiguinho!<\/p>\n<p>Importante saber: Tric\u00f4 Circular<\/p>\n<p>Se voc\u00ea n\u00e3o sabe tricotar e deseja aprender, se inscreva no Clube das Criaturas Fant\u00e1sticas e acesse o Curso de Tric\u00f4 para Amigurumis. Mais informa\u00e7\u00f5es https:\/\/tecele.com.br\/?page_id=720<\/p>\n<p><em>Ao adquirir o workshop, ficar\u00e1 dispon\u00edvel para download (acesse: minha conta &#8211; downloads) um pdf com a receita escrita com todos os detalhes do projeto e materiais. No pdf, voc\u00ea encontrar\u00e1 um Qrcode\/link e a senha para acessar as aulas em v\u00eddeo do projeto.<\/em><\/p>\n<p>Acesso por 24 meses.<\/p>\n<p>Lembre-se que \u00e9 de uso pessoal e intransfer\u00edvel.<\/p>\n<p>Qualquer d\u00favida entre em contato por email: tecele.contato@gmail.com<\/p>\n<p>&nbsp;<\/p>\n<p>&nbsp;<\/p>\n<p>&nbsp;<\/p>\n","protected":false},"excerpt":{"rendered":"<p>Bem-vindo ao nosso encantador Workshop Fant\u00e1stico, onde voc\u00ea aprender\u00e1 a criar uma ador\u00e1vel obra de arte t\u00eaxtil: o Coelhinho Pecan! Prepare-se para embarcar em uma jornada de habilidades de tric\u00f4 e cria\u00e7\u00e3o de amigurumi, enquanto voc\u00ea tece carinho e personalidade em cada ponto. Neste curso, voc\u00ea ser\u00e1 guiado passo a passo por meio de instru\u00e7\u00f5es [&hellip;]<\/p>\n","protected":false},"featured_media":2321,"comment_status":"open","ping_status":"closed","template":"","meta":{"site-sidebar-layout":"default","site-content-layout":"default","ast-site-content-layout":"default","site-content-style":"default","site-sidebar-style":"default","ast-global-header-display":"","ast-banner-title-visibility":"","ast-main-header-display":"","ast-hfb-above-header-display":"","ast-hfb-below-header-display":"","ast-hfb-mobile-header-display":"","site-post-title":"","ast-breadcrumbs-content":"","ast-featured-img":"","footer-sml-layout":"","ast-disable-related-posts":"","theme-transparent-header-meta":"default","adv-header-id-meta":"","stick-header-meta":"","header-above-stick-meta":"","header-main-stick-meta":"","header-below-stick-meta":"","astra-migrate-meta-layouts":"default","ast-page-background-enabled":"default","ast-page-background-meta":{"desktop":{"background-color":"var(--ast-global-color-4)","background-image":"","background-repeat":"repeat","background-position":"center center","background-size":"auto","background-attachment":"scroll","background-type":"","background-media":"","overlay-type":"","overlay-color":"","overlay-opacity":"","overlay-gradient":""},"tablet":{"background-color":"","background-image":"","background-repeat":"repeat","background-position":"center center","background-size":"auto","background-attachment":"scroll","background-type":"","background-media":"","overlay-type":"","overlay-color":"","overlay-opacity":"","overlay-gradient":""},"mobile":{"background-color":"","background-image":"","background-repeat":"repeat","background-position":"center center","background-size":"auto","background-attachment":"scroll","background-type":"","background-media":"","overlay-type":"","overlay-color":"","overlay-opacity":"","overlay-gradient":""}},"ast-content-background-meta":{"desktop":{"background-color":"var(--ast-global-color-5)","background-image":"","background-repeat":"repeat","background-position":"center center","background-size":"auto","background-attachment":"scroll","background-type":"","background-media":"","overlay-type":"","overlay-color":"","overlay-opacity":"","overlay-gradient":""},"tablet":{"background-color":"var(--ast-global-color-5)","background-image":"","background-repeat":"repeat","background-position":"center center","background-size":"auto","background-attachment":"scroll","background-type":"","background-media":"","overlay-type":"","overlay-color":"","overlay-opacity":"","overlay-gradient":""},"mobile":{"background-color":"var(--ast-global-color-5)","background-image":"","background-repeat":"repeat","background-position":"center center","background-size":"auto","background-attachment":"scroll","background-type":"","background-media":"","overlay-type":"","overlay-color":"","overlay-opacity":"","overlay-gradient":""}},"jetpack_publicize_message":"","jetpack_publicize_feature_enabled":true,"jetpack_social_post_already_shared":true,"jetpack_social_options":{"image_generator_settings":{"template":"highway","default_image_id":0,"font":"","enabled":false},"version":2}},"product_brand":[],"product_cat":[27,58],"product_tag":[41,42],"class_list":{"0":"post-2335","1":"product","2":"type-product","3":"status-publish","4":"has-post-thumbnail","6":"product_cat-amigurumis","7":"product_cat-workshop-online","8":"product_tag-amigurmi","9":"product_tag-trico","10":"desktop-align-left","11":"tablet-align-left","12":"mobile-align-left","14":"first","15":"instock","16":"downloadable","17":"taxable","18":"shipping-taxable","19":"purchasable","20":"product-type-simple"},"jetpack_publicize_connections":[],"jetpack_likes_enabled":true,"jetpack_sharing_enabled":true,"_links":{"self":[{"href":"https:\/\/tecele.com.br\/index.php?rest_route=\/wp\/v2\/product\/2335","targetHints":{"allow":["GET"]}}],"collection":[{"href":"https:\/\/tecele.com.br\/index.php?rest_route=\/wp\/v2\/product"}],"about":[{"href":"https:\/\/tecele.com.br\/index.php?rest_route=\/wp\/v2\/types\/product"}],"replies":[{"embeddable":true,"href":"https:\/\/tecele.com.br\/index.php?rest_route=%2Fwp%2Fv2%2Fcomments&post=2335"}],"version-history":[{"count":2,"href":"https:\/\/tecele.com.br\/index.php?rest_route=\/wp\/v2\/product\/2335\/revisions"}],"predecessor-version":[{"id":2341,"href":"https:\/\/tecele.com.br\/index.php?rest_route=\/wp\/v2\/product\/2335\/revisions\/2341"}],"wp:featuredmedia":[{"embeddable":true,"href":"https:\/\/tecele.com.br\/index.php?rest_route=\/wp\/v2\/media\/2321"}],"wp:attachment":[{"href":"https:\/\/tecele.com.br\/index.php?rest_route=%2Fwp%2Fv2%2Fmedia&parent=2335"}],"wp:term":[{"taxonomy":"product_brand","embeddable":true,"href":"https:\/\/tecele.com.br\/index.php?rest_route=%2Fwp%2Fv2%2Fproduct_brand&post=2335"},{"taxonomy":"product_cat","embeddable":true,"href":"https:\/\/tecele.com.br\/index.php?rest_route=%2Fwp%2Fv2%2Fproduct_cat&post=2335"},{"taxonomy":"product_tag","embeddable":true,"href":"https:\/\/tecele.com.br\/index.php?rest_route=%2Fwp%2Fv2%2Fproduct_tag&post=2335"}],"curies":[{"name":"wp","href":"https:\/\/api.w.org\/{rel}","templated":true}]}}