{"id":2365,"date":"2024-06-03T14:23:05","date_gmt":"2024-06-03T17:23:05","guid":{"rendered":"https:\/\/tecele.com.br\/?post_type=product&#038;p=2365"},"modified":"2025-11-02T13:49:18","modified_gmt":"2025-11-02T16:49:18","slug":"macadamia-o-coelho-e-book-em-amigurumi-em-trico","status":"publish","type":"product","link":"https:\/\/tecele.com.br\/?product=macadamia-o-coelho-e-book-em-amigurumi-em-trico","title":{"rendered":"Macad\u00e2mia \u2022 O Coelho \u2022 E-book em Amigurumi em Tric\u00f4."},"content":{"rendered":"<p><i>Macad\u00e2mia \u00e9 um coelhinho incr\u00edvel \ud83d\udc30<\/i><\/p>\n<p>N\u00e3o \u00e9 o boneco pronto! \u00c9 um arquivo digital!<\/p>\n<div class=\"all-language\">\n<p>Informa\u00e7\u00f5es t\u00e9cnicas:<\/p>\n<ul>\n<li style=\"list-style-type: none;\">\n<ul>\n<li>Idioma: Portugu\u00eas;<\/li>\n<li>Amigurumi feito em Tric\u00f4 Circular;<\/li>\n<li>PDF com 06 p\u00e1ginas, + fotos e v\u00eddeos de apoio;<\/li>\n<li>Instru\u00e7\u00f5es para tecer o Corpinho e o Chap\u00e9u com Orelhas;.<\/li>\n<li>N\u00edvel de dificuldade: intermedi\u00e1rio.<\/li>\n<\/ul>\n<\/li>\n<\/ul>\n<p>Se voc\u00ea for iniciante e deseja tecer o Macad\u00e2mia, recomento fortemente que se inscreva no Clube das Criaturas Fant\u00e1sticas. No Clube o tutorial do \u00e9 completo e em v\u00eddeo e tamb\u00e9m tem o curso de tric\u00f4 para amigurumis.\u00a0 Mais informa\u00e7\u00f5es e links de inscri\u00e7\u00e3o acesse: https:\/\/tecele.com.br\/?page_id=720<\/p>\n<p><em><strong>N\u00e3o \u00e9 feito troca de arquivo por assinatura do Clube em caso de compra por engano.<\/strong><\/em><\/p>\n<p><strong>Ap\u00f3s a confirma\u00e7\u00e3o do pagamento o PDF ficar\u00e1 dispon\u00edvel para download na sua conta aqui no site.<\/strong><\/p>\n<\/div>\n<p><span class=\"JsGRdQ\"><strong>Lembre-se que esse padr\u00e3o \u00e9 apenas para uso pessoal, sua venda ou compartilhamento s\u00e3o estritamente proibidos, de acordo com a LEI 9.610\/98, dos direitos autorais.<\/strong><\/span><\/p>\n","protected":false},"excerpt":{"rendered":"<p>Macad\u00e2mia \u00e9 um coelhinho incr\u00edvel \ud83d\udc30 N\u00e3o \u00e9 o boneco pronto! \u00c9 um arquivo digital! Informa\u00e7\u00f5es t\u00e9cnicas: Idioma: Portugu\u00eas; Amigurumi feito em Tric\u00f4 Circular; PDF com 06 p\u00e1ginas, + fotos e v\u00eddeos de apoio; Instru\u00e7\u00f5es para tecer o Corpinho e o Chap\u00e9u com Orelhas;. N\u00edvel de dificuldade: intermedi\u00e1rio. Se voc\u00ea for iniciante e deseja tecer [&hellip;]<\/p>\n","protected":false},"featured_media":2274,"comment_status":"open","ping_status":"closed","template":"","meta":{"site-sidebar-layout":"default","site-content-layout":"default","ast-site-content-layout":"default","site-content-style":"default","site-sidebar-style":"default","ast-global-header-display":"","ast-banner-title-visibility":"","ast-main-header-display":"","ast-hfb-above-header-display":"","ast-hfb-below-header-display":"","ast-hfb-mobile-header-display":"","site-post-title":"","ast-breadcrumbs-content":"","ast-featured-img":"","footer-sml-layout":"","ast-disable-related-posts":"","theme-transparent-header-meta":"default","adv-header-id-meta":"","stick-header-meta":"","header-above-stick-meta":"","header-main-stick-meta":"","header-below-stick-meta":"","astra-migrate-meta-layouts":"default","ast-page-background-enabled":"default","ast-page-background-meta":{"desktop":{"background-color":"var(--ast-global-color-4)","background-image":"","background-repeat":"repeat","background-position":"center center","background-size":"auto","background-attachment":"scroll","background-type":"","background-media":"","overlay-type":"","overlay-color":"","overlay-opacity":"","overlay-gradient":""},"tablet":{"background-color":"","background-image":"","background-repeat":"repeat","background-position":"center center","background-size":"auto","background-attachment":"scroll","background-type":"","background-media":"","overlay-type":"","overlay-color":"","overlay-opacity":"","overlay-gradient":""},"mobile":{"background-color":"","background-image":"","background-repeat":"repeat","background-position":"center center","background-size":"auto","background-attachment":"scroll","background-type":"","background-media":"","overlay-type":"","overlay-color":"","overlay-opacity":"","overlay-gradient":""}},"ast-content-background-meta":{"desktop":{"background-color":"var(--ast-global-color-5)","background-image":"","background-repeat":"repeat","background-position":"center center","background-size":"auto","background-attachment":"scroll","background-type":"","background-media":"","overlay-type":"","overlay-color":"","overlay-opacity":"","overlay-gradient":""},"tablet":{"background-color":"var(--ast-global-color-5)","background-image":"","background-repeat":"repeat","background-position":"center center","background-size":"auto","background-attachment":"scroll","background-type":"","background-media":"","overlay-type":"","overlay-color":"","overlay-opacity":"","overlay-gradient":""},"mobile":{"background-color":"var(--ast-global-color-5)","background-image":"","background-repeat":"repeat","background-position":"center center","background-size":"auto","background-attachment":"scroll","background-type":"","background-media":"","overlay-type":"","overlay-color":"","overlay-opacity":"","overlay-gradient":""}},"jetpack_post_was_ever_published":false,"jetpack_publicize_message":"","jetpack_publicize_feature_enabled":true,"jetpack_social_post_already_shared":true,"jetpack_social_options":{"image_generator_settings":{"template":"highway","default_image_id":0,"font":"","enabled":false},"version":2}},"product_brand":[],"product_cat":[15],"product_tag":[],"class_list":{"0":"post-2365","1":"product","2":"type-product","3":"status-publish","4":"has-post-thumbnail","6":"product_cat-sem-categoria","7":"desktop-align-left","8":"tablet-align-left","9":"mobile-align-left","11":"first","12":"instock","13":"downloadable","14":"taxable","15":"shipping-taxable","16":"purchasable","17":"product-type-simple"},"jetpack_publicize_connections":[],"jetpack_likes_enabled":true,"jetpack_sharing_enabled":true,"_links":{"self":[{"href":"https:\/\/tecele.com.br\/index.php?rest_route=\/wp\/v2\/product\/2365","targetHints":{"allow":["GET"]}}],"collection":[{"href":"https:\/\/tecele.com.br\/index.php?rest_route=\/wp\/v2\/product"}],"about":[{"href":"https:\/\/tecele.com.br\/index.php?rest_route=\/wp\/v2\/types\/product"}],"replies":[{"embeddable":true,"href":"https:\/\/tecele.com.br\/index.php?rest_route=%2Fwp%2Fv2%2Fcomments&post=2365"}],"version-history":[{"count":1,"href":"https:\/\/tecele.com.br\/index.php?rest_route=\/wp\/v2\/product\/2365\/revisions"}],"predecessor-version":[{"id":2370,"href":"https:\/\/tecele.com.br\/index.php?rest_route=\/wp\/v2\/product\/2365\/revisions\/2370"}],"wp:featuredmedia":[{"embeddable":true,"href":"https:\/\/tecele.com.br\/index.php?rest_route=\/wp\/v2\/media\/2274"}],"wp:attachment":[{"href":"https:\/\/tecele.com.br\/index.php?rest_route=%2Fwp%2Fv2%2Fmedia&parent=2365"}],"wp:term":[{"taxonomy":"product_brand","embeddable":true,"href":"https:\/\/tecele.com.br\/index.php?rest_route=%2Fwp%2Fv2%2Fproduct_brand&post=2365"},{"taxonomy":"product_cat","embeddable":true,"href":"https:\/\/tecele.com.br\/index.php?rest_route=%2Fwp%2Fv2%2Fproduct_cat&post=2365"},{"taxonomy":"product_tag","embeddable":true,"href":"https:\/\/tecele.com.br\/index.php?rest_route=%2Fwp%2Fv2%2Fproduct_tag&post=2365"}],"curies":[{"name":"wp","href":"https:\/\/api.w.org\/{rel}","templated":true}]}}