{"id":385,"date":"2022-06-25T15:38:22","date_gmt":"2022-06-25T18:38:22","guid":{"rendered":"https:\/\/tecele.com.br\/?post_type=product&#038;p=385"},"modified":"2022-06-26T15:35:47","modified_gmt":"2022-06-26T18:35:47","slug":"anselmo-e-vicente-e-book-de-amigurumi-em-trico","status":"publish","type":"product","link":"https:\/\/tecele.com.br\/?product=anselmo-e-vicente-e-book-de-amigurumi-em-trico","title":{"rendered":"Anselmo e Vicente &#8211; E-book de Amigurumi em Tric\u00f4"},"content":{"rendered":"<p><em>Anselmo e Vicente&#8230; T\u00e3o iguais e t\u00e3o diferentes&#8230;<br \/>\nTal pai&#8230; Tal filhote<br \/>\nAcho que \u00e9 assim em toda a fam\u00edlia<\/em><\/p>\n<p>&nbsp;<\/p>\n<h4><u>O que voc\u00ea ir\u00e1 encontrar nesse e-book:<\/u><\/h4>\n<ul>\n<li>Instru\u00e7\u00f5es de como tecer Anselmo e Vicente (com materiais semelhantes aos meus o brinquedo ficar\u00e1 com uns 27 cm)<\/li>\n<li>O e-book inclu\u00ed fotos de como fazer os detalhes do brinquedo e v\u00eddeos das t\u00e9cnicas b\u00e1sicas usadas no projeto.<\/li>\n<\/ul>\n<div><u>N\u00edvel de Dificuldade:<\/u><br \/>\nIntermedi\u00e1rio<br \/>\n(Observe que o padr\u00e3o cont\u00e9m instru\u00e7\u00f5es bem explicadas e muitas fotos passo a passo e v\u00eddeos de apoio)<\/div>\n<div><\/div>\n<div><u>O que eu preciso saber para executar este projeto?<\/u><\/div>\n<div>Tric\u00f4 B\u00e1sico Circular<br \/>\nTric\u00f4 B\u00e1sico Plano<br \/>\nO e-book cont\u00e9m links para o v\u00eddeo das t\u00e9cnicas b\u00e1sicas usadas nesse projeto e voc\u00ea tamb\u00e9m encontra aulas de tric\u00f4 gratuitas no canal Tecel\u00ea no Youtube.<\/div>\n<div>\n<p>&nbsp;<\/p>\n<p><u>\u00c9 importante saber antes de comprar:<\/u><\/p>\n<p>Ao clicar em comprar, voc\u00ea concorda com os termos de uso desta receita, descritos a seguir:<\/p>\n<\/div>\n<div>\n<p><u>Este material \u00e9 apenas para uso pessoal, n\u00e3o pode ser vendido ou fornecido de qualquer outra maneira, em nenhum meio de compartilhamento, salvo sob autoriza\u00e7\u00e3o da autora, expressa por escrito.\u00a0<\/u><u>Voc\u00ea pode vender as pe\u00e7as feitas, desde que guarde o recibo como prova de compra e d\u00ea os cr\u00e9ditos \u00e0 \u00a0feito Tecel\u00ea \u2013 L\u00ea Yamashita, como designer. Todos os direitos s\u00e3o reservados, e o descumprimento pode acarretar processo judicial, conforme lei N\u00ba 9.610, de 19 de fevereiro de 1998. Obrigada por respeitar e valorizar o tempo e a dedica\u00e7\u00e3o de quem cria.<\/u><\/p>\n<p>N\u00e3o \u00e9 permitido o uso desta receita para promover workshops, mas voc\u00ea tem a total liberdade de contratar uma professora de tric\u00f4, caso tenha alguma d\u00favida que eu n\u00e3o consiga sanar por e-mail.<\/p>\n<p><u>Com a receitas em m\u00e3os e hora de fazer muitos! Voc\u00ea pode vender os produtos feitos a partir desse padr\u00e3o.<\/u><\/p>\n<\/div>\n<div>Caso tenha alguma d\u00favida, por favor, me envie um e-mail: tecele.contato@gmail.com<\/div>\n<div><\/div>\n<div>\n<p>Muito obrigado por visitar a loja Tecel\u00ea e desejo que voc\u00ea tenha uma \u00f3tima experi\u00eancia! \u00a0\u2665<\/p>\n<\/div>\n","protected":false},"excerpt":{"rendered":"<p>Anselmo e Vicente&#8230; T\u00e3o iguais e t\u00e3o diferentes&#8230; Tal pai&#8230; Tal filhote Acho que \u00e9 assim em toda a fam\u00edlia &nbsp; O que voc\u00ea ir\u00e1 encontrar nesse e-book: Instru\u00e7\u00f5es de como tecer Anselmo e Vicente (com materiais semelhantes aos meus o brinquedo ficar\u00e1 com uns 27 cm) O e-book inclu\u00ed fotos de como fazer os [&hellip;]<\/p>\n","protected":false},"featured_media":387,"comment_status":"open","ping_status":"closed","template":"","meta":{"site-sidebar-layout":"default","site-content-layout":"default","ast-site-content-layout":"default","site-content-style":"default","site-sidebar-style":"default","ast-global-header-display":"","ast-banner-title-visibility":"","ast-main-header-display":"","ast-hfb-above-header-display":"","ast-hfb-below-header-display":"","ast-hfb-mobile-header-display":"","site-post-title":"","ast-breadcrumbs-content":"","ast-featured-img":"","footer-sml-layout":"","ast-disable-related-posts":"","theme-transparent-header-meta":"default","adv-header-id-meta":"","stick-header-meta":"","header-above-stick-meta":"","header-main-stick-meta":"","header-below-stick-meta":"","astra-migrate-meta-layouts":"default","ast-page-background-enabled":"default","ast-page-background-meta":{"desktop":{"background-color":"var(--ast-global-color-4)","background-image":"","background-repeat":"repeat","background-position":"center center","background-size":"auto","background-attachment":"scroll","background-type":"","background-media":"","overlay-type":"","overlay-color":"","overlay-opacity":"","overlay-gradient":""},"tablet":{"background-color":"","background-image":"","background-repeat":"repeat","background-position":"center center","background-size":"auto","background-attachment":"scroll","background-type":"","background-media":"","overlay-type":"","overlay-color":"","overlay-opacity":"","overlay-gradient":""},"mobile":{"background-color":"","background-image":"","background-repeat":"repeat","background-position":"center center","background-size":"auto","background-attachment":"scroll","background-type":"","background-media":"","overlay-type":"","overlay-color":"","overlay-opacity":"","overlay-gradient":""}},"ast-content-background-meta":{"desktop":{"background-color":"var(--ast-global-color-5)","background-image":"","background-repeat":"repeat","background-position":"center center","background-size":"auto","background-attachment":"scroll","background-type":"","background-media":"","overlay-type":"","overlay-color":"","overlay-opacity":"","overlay-gradient":""},"tablet":{"background-color":"var(--ast-global-color-5)","background-image":"","background-repeat":"repeat","background-position":"center center","background-size":"auto","background-attachment":"scroll","background-type":"","background-media":"","overlay-type":"","overlay-color":"","overlay-opacity":"","overlay-gradient":""},"mobile":{"background-color":"var(--ast-global-color-5)","background-image":"","background-repeat":"repeat","background-position":"center center","background-size":"auto","background-attachment":"scroll","background-type":"","background-media":"","overlay-type":"","overlay-color":"","overlay-opacity":"","overlay-gradient":""}},"jetpack_publicize_message":"","jetpack_publicize_feature_enabled":true,"jetpack_social_post_already_shared":false,"jetpack_social_options":{"image_generator_settings":{"template":"highway","default_image_id":0,"font":"","enabled":false},"version":2}},"product_brand":[],"product_cat":[27],"product_tag":[],"class_list":{"0":"post-385","1":"product","2":"type-product","3":"status-publish","4":"has-post-thumbnail","6":"product_cat-amigurumis","7":"desktop-align-left","8":"tablet-align-left","9":"mobile-align-left","11":"first","12":"instock","13":"downloadable","14":"taxable","15":"shipping-taxable","16":"purchasable","17":"product-type-simple"},"jetpack_publicize_connections":[],"jetpack_likes_enabled":true,"jetpack_sharing_enabled":true,"_links":{"self":[{"href":"https:\/\/tecele.com.br\/index.php?rest_route=\/wp\/v2\/product\/385","targetHints":{"allow":["GET"]}}],"collection":[{"href":"https:\/\/tecele.com.br\/index.php?rest_route=\/wp\/v2\/product"}],"about":[{"href":"https:\/\/tecele.com.br\/index.php?rest_route=\/wp\/v2\/types\/product"}],"replies":[{"embeddable":true,"href":"https:\/\/tecele.com.br\/index.php?rest_route=%2Fwp%2Fv2%2Fcomments&post=385"}],"version-history":[{"count":3,"href":"https:\/\/tecele.com.br\/index.php?rest_route=\/wp\/v2\/product\/385\/revisions"}],"predecessor-version":[{"id":463,"href":"https:\/\/tecele.com.br\/index.php?rest_route=\/wp\/v2\/product\/385\/revisions\/463"}],"wp:featuredmedia":[{"embeddable":true,"href":"https:\/\/tecele.com.br\/index.php?rest_route=\/wp\/v2\/media\/387"}],"wp:attachment":[{"href":"https:\/\/tecele.com.br\/index.php?rest_route=%2Fwp%2Fv2%2Fmedia&parent=385"}],"wp:term":[{"taxonomy":"product_brand","embeddable":true,"href":"https:\/\/tecele.com.br\/index.php?rest_route=%2Fwp%2Fv2%2Fproduct_brand&post=385"},{"taxonomy":"product_cat","embeddable":true,"href":"https:\/\/tecele.com.br\/index.php?rest_route=%2Fwp%2Fv2%2Fproduct_cat&post=385"},{"taxonomy":"product_tag","embeddable":true,"href":"https:\/\/tecele.com.br\/index.php?rest_route=%2Fwp%2Fv2%2Fproduct_tag&post=385"}],"curies":[{"name":"wp","href":"https:\/\/api.w.org\/{rel}","templated":true}]}}