{"id":440,"date":"2022-06-26T15:16:53","date_gmt":"2022-06-26T18:16:53","guid":{"rendered":"https:\/\/tecele.com.br\/?post_type=product&#038;p=440"},"modified":"2022-06-26T15:16:53","modified_gmt":"2022-06-26T18:16:53","slug":"dude-doll-e-book-de-amigurumi-em-trico","status":"publish","type":"product","link":"https:\/\/tecele.com.br\/?product=dude-doll-e-book-de-amigurumi-em-trico","title":{"rendered":"Dude Doll &#8211; E-book de Amigurumi em Tric\u00f4"},"content":{"rendered":"<p class=\"western\"><em>Dude doll \u00e9 um brinquedo que desperta mem\u00f3rias e aquece o cora\u00e7\u00e3o&#8230; muitos de n\u00f3s tivemos uma na inf\u00e2ncia, feita com muito carinho pelas m\u00e3os de algu\u00e9m que nos ama muito&#8230;<br \/>\nTricotar uma Dude doll \u00e9 exercitar a arte do tric\u00f4 e do amor <\/em><em>\u2665<\/em><\/p>\n<p>&nbsp;<\/p>\n<h4><u>O que voc\u00ea ir\u00e1 encontrar nesse e-book:<\/u><\/h4>\n<ul>\n<li>Instru\u00e7\u00f5es de como tecer a Dude doll (com materiais semelhantes aos meus o brinquedo ficar\u00e1 com uns 25 cm)<\/li>\n<li>O e-book inclu\u00ed fotos de como fazer os detalhes do brinquedo e v\u00eddeos das t\u00e9cnicas b\u00e1sicas usadas no projeto.<\/li>\n<\/ul>\n<div><u>N\u00edvel de Dificuldade:<\/u><br \/>\nF\u00e1cil<br \/>\n(Observe que o padr\u00e3o cont\u00e9m instru\u00e7\u00f5es bem explicadas e muitas fotos passo a passo e v\u00eddeos de apoio)<\/div>\n<div><\/div>\n<p><u>O que eu preciso saber para executar este projeto?<\/u><\/p>\n<p>Tric\u00f4 B\u00e1sico Circular<br \/>\nTric\u00f4 B\u00e1sico Plano<br \/>\nO e-book cont\u00e9m links para o v\u00eddeo das t\u00e9cnicas b\u00e1sicas usadas nesse projeto e voc\u00ea tamb\u00e9m encontra aulas de tric\u00f4 gratuitas no canal Tecel\u00ea no Youtube.<\/p>\n<div><\/div>\n<div>\n<p><u>\u00c9 importante saber antes de comprar:<\/u><\/p>\n<p>Ao clicar em comprar, voc\u00ea concorda com os termos de uso desta receita, descritos a seguir:<\/p>\n<\/div>\n<div>\n<p><u>Este material \u00e9 apenas para uso pessoal, n\u00e3o pode ser vendido ou fornecido de qualquer outra maneira, em nenhum meio de compartilhamento, salvo sob autoriza\u00e7\u00e3o da autora, expressa por escrito.\u00a0<\/u><u>Voc\u00ea pode vender as pe\u00e7as feitas, desde que guarde o recibo como prova de compra e d\u00ea os cr\u00e9ditos \u00e0 \u00a0feito Tecel\u00ea \u2013 L\u00ea Yamashita, como designer. Todos os direitos s\u00e3o reservados, e o descumprimento pode acarretar processo judicial, conforme lei N\u00ba 9.610, de 19 de fevereiro de 1998. Obrigada por respeitar e valorizar o tempo e a dedica\u00e7\u00e3o de quem cria.<\/u><\/p>\n<p>N\u00e3o \u00e9 permitido o uso desta receita para promover workshops, mas voc\u00ea tem a total liberdade de contratar uma professora de tric\u00f4, caso tenha alguma d\u00favida que eu n\u00e3o consiga sanar por e-mail.<\/p>\n<p><u>Com a receitas em m\u00e3os e hora de fazer muitos! Voc\u00ea pode vender os produtos feitos a partir desse padr\u00e3o.<\/u><\/p>\n<\/div>\n<div>Caso tenha alguma d\u00favida, por favor, me envie um e-mail: tecele.contato@gmail.com<\/div>\n<div><\/div>\n<div>\n<p>Muito obrigado por visitar a loja Tecel\u00ea e desejo que voc\u00ea tenha uma \u00f3tima experi\u00eancia! \u00a0\u2665<\/p>\n<\/div>\n","protected":false},"excerpt":{"rendered":"<p>Dude doll \u00e9 um brinquedo que desperta mem\u00f3rias e aquece o cora\u00e7\u00e3o&#8230; muitos de n\u00f3s tivemos uma na inf\u00e2ncia, feita com muito carinho pelas m\u00e3os de algu\u00e9m que nos ama muito&#8230; Tricotar uma Dude doll \u00e9 exercitar a arte do tric\u00f4 e do amor \u2665 &nbsp; O que voc\u00ea ir\u00e1 encontrar nesse e-book: Instru\u00e7\u00f5es de &hellip;<\/p>\n<p class=\"read-more\"> <a class=\"\" href=\"https:\/\/tecele.com.br\/?product=dude-doll-e-book-de-amigurumi-em-trico\"> <span class=\"screen-reader-text\">Dude Doll &#8211; E-book de Amigurumi em Tric\u00f4<\/span> Leia mais &raquo;<\/a><\/p>\n","protected":false},"featured_media":441,"comment_status":"open","ping_status":"closed","template":"","meta":{"site-sidebar-layout":"default","site-content-layout":"default","ast-global-header-display":"","ast-main-header-display":"","ast-hfb-above-header-display":"","ast-hfb-below-header-display":"","ast-hfb-mobile-header-display":"","site-post-title":"","ast-breadcrumbs-content":"","ast-featured-img":"","footer-sml-layout":"","theme-transparent-header-meta":"default","adv-header-id-meta":"","stick-header-meta":"","header-above-stick-meta":"","header-main-stick-meta":"","header-below-stick-meta":"","jetpack_post_was_ever_published":false,"jetpack_publicize_message":"","jetpack_publicize_feature_enabled":true,"jetpack_social_post_already_shared":false,"jetpack_social_options":{"image_generator_settings":{"template":"highway","enabled":false}}},"product_cat":[27],"product_tag":[],"class_list":{"0":"post-440","1":"product","2":"type-product","3":"status-publish","4":"has-post-thumbnail","6":"product_cat-amigurumis","8":"first","9":"instock","10":"downloadable","11":"taxable","12":"shipping-taxable","13":"purchasable","14":"product-type-simple"},"jetpack_publicize_connections":[],"jetpack_likes_enabled":true,"jetpack_sharing_enabled":true,"_links":{"self":[{"href":"https:\/\/tecele.com.br\/index.php?rest_route=\/wp\/v2\/product\/440","targetHints":{"allow":["GET"]}}],"collection":[{"href":"https:\/\/tecele.com.br\/index.php?rest_route=\/wp\/v2\/product"}],"about":[{"href":"https:\/\/tecele.com.br\/index.php?rest_route=\/wp\/v2\/types\/product"}],"replies":[{"embeddable":true,"href":"https:\/\/tecele.com.br\/index.php?rest_route=%2Fwp%2Fv2%2Fcomments&post=440"}],"version-history":[{"count":1,"href":"https:\/\/tecele.com.br\/index.php?rest_route=\/wp\/v2\/product\/440\/revisions"}],"predecessor-version":[{"id":442,"href":"https:\/\/tecele.com.br\/index.php?rest_route=\/wp\/v2\/product\/440\/revisions\/442"}],"wp:featuredmedia":[{"embeddable":true,"href":"https:\/\/tecele.com.br\/index.php?rest_route=\/wp\/v2\/media\/441"}],"wp:attachment":[{"href":"https:\/\/tecele.com.br\/index.php?rest_route=%2Fwp%2Fv2%2Fmedia&parent=440"}],"wp:term":[{"taxonomy":"product_cat","embeddable":true,"href":"https:\/\/tecele.com.br\/index.php?rest_route=%2Fwp%2Fv2%2Fproduct_cat&post=440"},{"taxonomy":"product_tag","embeddable":true,"href":"https:\/\/tecele.com.br\/index.php?rest_route=%2Fwp%2Fv2%2Fproduct_tag&post=440"}],"curies":[{"name":"wp","href":"https:\/\/api.w.org\/{rel}","templated":true}]}}